{"id":8,"date":"2023-11-22T15:05:55","date_gmt":"2023-11-22T15:05:55","guid":{"rendered":"http:\/\/www1.cool-klima.at\/?page_id=8"},"modified":"2024-09-21T09:31:29","modified_gmt":"2024-09-21T09:31:29","slug":"home","status":"publish","type":"page","link":"https:\/\/www.cool-klima.at\/","title":{"rendered":"Home"},"content":{"rendered":"<p>[et_pb_section fb_built=&#8220;1&#8243; _builder_version=&#8220;4.23.1&#8243; _module_preset=&#8220;default&#8220; background_color_gradient_direction=&#8220;159deg&#8220; background_color_gradient_start=&#8220;rgba(255,255,255,0)&#8220; background_color_gradient_end=&#8220;#4cdcfc&#8220; background_image=&#8220;http:\/\/www1.cool-klima.at\/wp-content\/uploads\/2023\/11\/header.jpg&#8220; background_size=&#8220;initial&#8220; background_repeat=&#8220;repeat&#8220; overflow-x=&#8220;hidden&#8220; overflow-y=&#8220;hidden&#8220; bottom_divider_color=&#8220;#4cdcfc&#8220; bottom_divider_height=&#8220;80%&#8220; bottom_divider_flip=&#8220;horizontal&#8220; hover_enabled=&#8220;0&#8243; global_colors_info=&#8220;{}&#8220; sticky_enabled=&#8220;0&#8243;][et_pb_row _builder_version=&#8220;4.23.1&#8243; _module_preset=&#8220;default&#8220; width=&#8220;100%&#8220; max_width=&#8220;1472px&#8220; global_colors_info=&#8220;{}&#8220;][et_pb_column type=&#8220;4_4&#8243; _builder_version=&#8220;4.23.1&#8243; _module_preset=&#8220;default&#8220; z_index=&#8220;10&#8243; custom_padding=&#8220;12%||||false|false&#8220; custom_padding_tablet=&#8220;0%||||false|false&#8220; custom_padding_phone=&#8220;0%||||false|false&#8220; custom_padding_last_edited=&#8220;on|tablet&#8220; global_colors_info=&#8220;{}&#8220;][et_pb_text _builder_version=&#8220;4.23.1&#8243; _module_preset=&#8220;64726270-e0e9-4f3d-bffe-4708fbfd76fb&#8220; text_text_color=&#8220;#ff9900&#8243; header_font=&#8220;Oswald|||on|||||&#8220; header_text_color=&#8220;#000645&#8243; header_font_size=&#8220;72px&#8220; header_letter_spacing=&#8220;1px&#8220; header_line_height=&#8220;1.3em&#8220; width=&#8220;100%&#8220; custom_margin_tablet=&#8220;0%||||false|false&#8220; custom_margin_last_edited=&#8220;off|desktop&#8220; custom_padding=&#8220;|82px||||&#8220; header_font_size_tablet=&#8220;40px&#8220; header_font_size_phone=&#8220;24px&#8220; header_font_size_last_edited=&#8220;on|phone&#8220; locked=&#8220;off&#8220; global_colors_info=&#8220;{}&#8220;]<\/p>\n<h1><span style=\"color: #e09900;\">SCHWITZT DU NOCH <\/span><span style=\"color: #e09900;\">ODER<\/span><\/h1>\n<h1><span style=\"color: #e09900;\">KLEBST DU SCHON?<\/span><\/h1>\n<p>[\/et_pb_text][et_pb_button button_url=&#8220;mailto:office@cool-klima.at?subject=Anfrage%20%C3%BCber%20die%20Website&#8220; button_text=&#8220;Jetzt ein Angebot einholen&#8220; _builder_version=&#8220;4.27.0&#8243; _module_preset=&#8220;9e7cab24-be11-4c0f-a22b-41e51f9dcee0&#8243; custom_button=&#8220;on&#8220; button_text_size=&#8220;14px&#8220; button_text_color=&#8220;#FFFFFF&#8220; button_bg_color=&#8220;#000645&#8243; button_border_width=&#8220;0px&#8220; button_border_radius=&#8220;0px&#8220; button_letter_spacing=&#8220;1px&#8220; button_font=&#8220;Oswald|||on|||||&#8220; button_icon=&#8220;&#x35;||divi||400&#8243; button_on_hover=&#8220;off&#8220; custom_margin=&#8220;||||false|false&#8220; custom_padding=&#8220;18px|30px|18px|30px|true|true&#8220; custom_padding_tablet=&#8220;15px|30px|15px|30px|true|true&#8220; custom_padding_phone=&#8220;15px|25px|15px|25px|true|true&#8220; custom_padding_last_edited=&#8220;off|desktop&#8220; locked=&#8220;off&#8220; global_colors_info=&#8220;{}&#8220;][\/et_pb_button][\/et_pb_column][\/et_pb_row][\/et_pb_section][et_pb_section fb_built=&#8220;1&#8243; _builder_version=&#8220;4.23.1&#8243; _module_preset=&#8220;default&#8220; global_colors_info=&#8220;{}&#8220;][et_pb_row _builder_version=&#8220;4.23.1&#8243; _module_preset=&#8220;default&#8220; global_colors_info=&#8220;{}&#8220;][et_pb_column type=&#8220;4_4&#8243; _builder_version=&#8220;4.23.1&#8243; _module_preset=&#8220;default&#8220; global_colors_info=&#8220;{}&#8220;][et_pb_text _builder_version=&#8220;4.23.1&#8243; _module_preset=&#8220;default&#8220; global_colors_info=&#8220;{}&#8220;]<\/p>\n<h1><span style=\"color: #e09900;\">Klimaanlagen, W\u00e4rmepumpen und Service<\/span><\/h1>\n<h4><span>vom Experten f\u00fcr Burgenland, Wien und Nieder\u00f6sterreich<\/span><\/h4>\n<p>[\/et_pb_text][\/et_pb_column][\/et_pb_row][et_pb_row column_structure=&#8220;1_2,1_2&#8243; _builder_version=&#8220;4.23.1&#8243; _module_preset=&#8220;default&#8220; global_colors_info=&#8220;{}&#8220;][et_pb_column type=&#8220;1_2&#8243; _builder_version=&#8220;4.23.1&#8243; _module_preset=&#8220;default&#8220; global_colors_info=&#8220;{}&#8220;][et_pb_text _builder_version=&#8220;4.23.1&#8243; _module_preset=&#8220;default&#8220; global_colors_info=&#8220;{}&#8220;]<\/p>\n<div class=\"col medium-6\">\n<p><em>Schwitzt du noch oder klebst du schon? Wir sorgen f\u00fcr eine Abk\u00fchlung!<\/em><\/p>\n<p>Sind Sie auf der Suche nach einem Experten f\u00fcr Klimaanlagen und W\u00e4rmepumpen \u2013 wir sind f\u00fcr Sie da! Wir setzen auf Top-Qualit\u00e4t \u2013 deswegen haben wir uns auf ausgew\u00e4hlte Hersteller spezialisiert.<\/p>\n<p>Unser Sortiment bietet Ihnen langlebige Produkte, die innovativ sind und nachhaltig arbeiten. Wir arbeiten ausschlie\u00dflich mit Top-Marken wie den absoluten Spezialisten in Sachen Klima- und W\u00e4rmepumpentechnik: Toshiba und Daikin.<\/p>\n<p>Als ein Unternehmen aus Mattersburg mit langj\u00e4hriger Berufserfahrung sind wir Ihr kompetenter Ansprechpartner im Raum Burgenland, Wien und Nieder\u00f6sterreich. Wir lieben und leben unseren Beruf mit gro\u00dfer Leidenschaft und bieten Ihnen exzellente Beratung und innovative Ideen.<\/p>\n<\/div>\n<p>[\/et_pb_text][\/et_pb_column][et_pb_column type=&#8220;1_2&#8243; _builder_version=&#8220;4.23.1&#8243; _module_preset=&#8220;default&#8220; global_colors_info=&#8220;{}&#8220;][et_pb_text _builder_version=&#8220;4.23.1&#8243; _module_preset=&#8220;default&#8220; global_colors_info=&#8220;{}&#8220;]<\/p>\n<h2>Klimaanlagen \u2013 unsere Leistungen f\u00fcr Sie:<\/h2>\n<p><span style=\"color: #e09900;\"><strong>Klimaanlagen f\u00fcr privat genutzte R\u00e4umlichkeiten<\/strong><\/span><br \/>Durch die Invertertechnologie sparen die Klimaanlagen in unserem Angebot einerseits Energie und verringern andererseits Temperaturschwankungen im Raum. Gerne beraten wir Sie rund um Qualit\u00e4tsger\u00e4te f\u00fcr den Einsatz in Wohnr\u00e4umlichkeiten.<\/p>\n<p><span style=\"color: #e09900;\"><strong>Klimaanlagen f\u00fcr gewerblich genutzte R\u00e4umlichkeiten<\/strong><\/span><br \/>Die Raumklimager\u00e4te mit Invertertechnologie sorgen f\u00fcr ein ganzj\u00e4hrig angenehmes Klima. Unser kompetentes Team garantiert Ihnen jederzeit ein umfassendes Service f\u00fcr Klimaanlagen.<\/p>\n<p><span style=\"color: #e09900;\"><strong>W\u00e4rmepumpen<\/strong><\/span><br \/>ESTIA W\u00e4rmepumpen sind die Alternative zu herk\u00f6mmlichen Heizsystemen. <span style=\"text-decoration: underline;\"><span style=\"color: #e09900; text-decoration: underline;\">Kontaktieren<\/span><\/span> Sie uns f\u00fcr ein pers\u00f6nliches Beratungsgespr\u00e4ch.<\/p>\n<p>[\/et_pb_text][\/et_pb_column][\/et_pb_row][\/et_pb_section][et_pb_section fb_built=&#8220;1&#8243; admin_label=&#8220;Features&#8220; _builder_version=&#8220;4.23.1&#8243; _module_preset=&#8220;default&#8220; background_color=&#8220;RGBA(255,255,255,0)&#8220; background_image=&#8220;http:\/\/www1.cool-klima.at\/wp-content\/uploads\/2023\/11\/teaserbg.jpg&#8220; global_colors_info=&#8220;{}&#8220;][et_pb_row column_structure=&#8220;1_3,1_3,1_3&#8243; make_equal=&#8220;on&#8220; _builder_version=&#8220;4.23.1&#8243; _module_preset=&#8220;default&#8220; custom_margin=&#8220;||||false|false&#8220; custom_margin_tablet=&#8220;0%||||false|false&#8220; custom_margin_last_edited=&#8220;off|desktop&#8220; global_colors_info=&#8220;{}&#8220;][et_pb_column type=&#8220;1_3&#8243; _builder_version=&#8220;4.16&#8243; _module_preset=&#8220;default&#8220; background_color=&#8220;#FFFFFF&#8220; custom_padding=&#8220;40px|30px|40px|30px|true|true&#8220; custom_padding_tablet=&#8220;|30px||30px|true|true&#8220; custom_padding_phone=&#8220;|20px||20px|true|true&#8220; custom_padding_last_edited=&#8220;on|phone&#8220; box_shadow_style=&#8220;preset3&#8243; box_shadow_vertical=&#8220;92px&#8220; box_shadow_blur=&#8220;168px&#8220; box_shadow_spread=&#8220;0px&#8220; box_shadow_color=&#8220;rgba(96,104,121,0.2)&#8220; global_colors_info=&#8220;{}&#8220;][et_pb_blurb title=&#8220;Klimaanlagen Privat&#8220; use_icon=&#8220;on&#8220; font_icon=&#8220;&#xf863;||fa||900&#8243; icon_color=&#8220;#000000&#8243; image_icon_background_color=&#8220;RGBA(255,255,255,0)&#8220; image_icon_width=&#8220;85px&#8220; _builder_version=&#8220;4.23.1&#8243; _module_preset=&#8220;0533b8f7-fa40-4aaf-973b-23088b81919f&#8220; header_font=&#8220;Oswald|600||on|||||&#8220; header_text_color=&#8220;#E09900&#8243; header_font_size=&#8220;20px&#8220; header_letter_spacing=&#8220;1px&#8220; header_line_height=&#8220;1.5em&#8220; body_font=&#8220;Roboto Mono|||on|||||&#8220; body_text_align=&#8220;center&#8220; body_font_size=&#8220;12px&#8220; body_letter_spacing=&#8220;1px&#8220; body_line_height=&#8220;1.6em&#8220; text_orientation=&#8220;center&#8220; animation=&#8220;off&#8220; header_font_size_tablet=&#8220;18px&#8220; header_font_size_phone=&#8220;16px&#8220; header_font_size_last_edited=&#8220;on|phone&#8220; image_max_width=&#8220;96px&#8220; icon_font_size=&#8220;16px&#8220; use_circle=&#8220;on&#8220; circle_color=&#8220;#faf8f4&#8243; locked=&#8220;off&#8220; global_colors_info=&#8220;{}&#8220;]<\/p>\n<p>Wir garantieren effizientes K\u00fchlen und Heizen \u2013 und das bei einem geringen Stromverbrauch durch Invertertechnologie.<\/p>\n<p>[\/et_pb_blurb][\/et_pb_column][et_pb_column type=&#8220;1_3&#8243; _builder_version=&#8220;4.16&#8243; _module_preset=&#8220;default&#8220; background_color=&#8220;#FFFFFF&#8220; custom_padding=&#8220;40px|30px|40px|30px|true|true&#8220; custom_padding_tablet=&#8220;|30px||30px|true|true&#8220; custom_padding_phone=&#8220;|20px||20px|true|true&#8220; custom_padding_last_edited=&#8220;on|phone&#8220; box_shadow_style=&#8220;preset3&#8243; box_shadow_vertical=&#8220;92px&#8220; box_shadow_blur=&#8220;168px&#8220; box_shadow_spread=&#8220;0px&#8220; box_shadow_color=&#8220;rgba(96,104,121,0.2)&#8220; global_colors_info=&#8220;{}&#8220;][et_pb_blurb title=&#8220;Klimaanlagen Gewerblich&#8220; use_icon=&#8220;on&#8220; font_icon=&#8220;&#xf1ad;||fa||400&#8243; icon_color=&#8220;#000000&#8243; image_icon_background_color=&#8220;RGBA(255,255,255,0)&#8220; image_icon_width=&#8220;85px&#8220; image_last_edited=&#8220;off|desktop&#8220; _builder_version=&#8220;4.23.1&#8243; _module_preset=&#8220;0533b8f7-fa40-4aaf-973b-23088b81919f&#8220; header_font=&#8220;Oswald|600||on|||||&#8220; header_text_color=&#8220;#E09900&#8243; header_font_size=&#8220;20px&#8220; header_letter_spacing=&#8220;1px&#8220; header_line_height=&#8220;1.5em&#8220; body_font=&#8220;Roboto Mono|||on|||||&#8220; body_text_align=&#8220;center&#8220; body_font_size=&#8220;12px&#8220; body_letter_spacing=&#8220;1px&#8220; body_line_height=&#8220;1.6em&#8220; text_orientation=&#8220;center&#8220; animation=&#8220;off&#8220; header_font_size_tablet=&#8220;18px&#8220; header_font_size_phone=&#8220;16px&#8220; header_font_size_last_edited=&#8220;on|phone&#8220; image_max_width=&#8220;96px&#8220; icon_font_size=&#8220;16px&#8220; use_circle=&#8220;on&#8220; circle_color=&#8220;#faf8f4&#8243; locked=&#8220;off&#8220; global_colors_info=&#8220;{}&#8220;]<\/p>\n<p>Die innovativen Raumklimager\u00e4te mit Invertertechnologie sorgen f\u00fcr ein ganzj\u00e4hrig angenehmes Klima.<\/p>\n<p>[\/et_pb_blurb][\/et_pb_column][et_pb_column type=&#8220;1_3&#8243; _builder_version=&#8220;4.16&#8243; _module_preset=&#8220;default&#8220; background_color=&#8220;#FFFFFF&#8220; custom_padding=&#8220;40px|30px|40px|30px|true|true&#8220; custom_padding_tablet=&#8220;|30px||30px|true|true&#8220; custom_padding_phone=&#8220;|20px||20px|true|true&#8220; custom_padding_last_edited=&#8220;on|phone&#8220; box_shadow_style=&#8220;preset3&#8243; box_shadow_vertical=&#8220;92px&#8220; box_shadow_blur=&#8220;168px&#8220; box_shadow_spread=&#8220;0px&#8220; box_shadow_color=&#8220;rgba(96,104,121,0.2)&#8220; global_colors_info=&#8220;{}&#8220;][et_pb_blurb title=&#8220;W\u00e4rmepumpen&#8220; use_icon=&#8220;on&#8220; font_icon=&#8220;&#xf769;||fa||900&#8243; icon_color=&#8220;#000000&#8243; image_icon_background_color=&#8220;RGBA(255,255,255,0)&#8220; image_icon_width=&#8220;85px&#8220; _builder_version=&#8220;4.23.1&#8243; _module_preset=&#8220;0533b8f7-fa40-4aaf-973b-23088b81919f&#8220; header_font=&#8220;Oswald|600||on|||||&#8220; header_text_color=&#8220;#E09900&#8243; header_font_size=&#8220;20px&#8220; header_letter_spacing=&#8220;1px&#8220; header_line_height=&#8220;1.5em&#8220; body_font=&#8220;Roboto Mono|||on|||||&#8220; body_text_align=&#8220;center&#8220; body_font_size=&#8220;12px&#8220; body_letter_spacing=&#8220;1px&#8220; body_line_height=&#8220;1.6em&#8220; text_orientation=&#8220;center&#8220; animation=&#8220;off&#8220; header_font_size_tablet=&#8220;18px&#8220; header_font_size_phone=&#8220;16px&#8220; header_font_size_last_edited=&#8220;on|phone&#8220; image_max_width=&#8220;96px&#8220; icon_font_size=&#8220;16px&#8220; use_circle=&#8220;on&#8220; circle_color=&#8220;#faf8f4&#8243; locked=&#8220;off&#8220; global_colors_info=&#8220;{}&#8220;]<\/p>\n<p>Steigen Sie jetzt auf regenerative Energien um und schonen Sie nicht nur aktiv die Umwelt, sondern auch Ihren Geldbeutel.<\/p>\n<p>[\/et_pb_blurb][\/et_pb_column][\/et_pb_row][\/et_pb_section][et_pb_section fb_built=&#8220;1&#8243; admin_label=&#8220;Services&#8220; _builder_version=&#8220;4.16&#8243; _module_preset=&#8220;default&#8220; background_color=&#8220;#f9f7f4&#8243; global_colors_info=&#8220;{}&#8220;][et_pb_row _builder_version=&#8220;4.23.1&#8243; _module_preset=&#8220;default&#8220; custom_padding=&#8220;||0px||false|false&#8220; global_colors_info=&#8220;{}&#8220;][et_pb_column type=&#8220;4_4&#8243; _builder_version=&#8220;4.16&#8243; _module_preset=&#8220;default&#8220; global_colors_info=&#8220;{}&#8220;][et_pb_text _builder_version=&#8220;4.16&#8243; _module_preset=&#8220;83d94e9b-bff8-4c15-9e33-e7b1a7a21887&#8243; header_2_font=&#8220;Oswald|||on|||||&#8220; header_2_text_align=&#8220;center&#8220; header_2_text_color=&#8220;#000645&#8243; header_2_font_size=&#8220;46px&#8220; header_2_letter_spacing=&#8220;1px&#8220; header_2_line_height=&#8220;1.4em&#8220; header_2_font_size_tablet=&#8220;32px&#8220; header_2_font_size_phone=&#8220;20px&#8220; header_2_font_size_last_edited=&#8220;on|phone&#8220; locked=&#8220;off&#8220; global_colors_info=&#8220;{}&#8220;]<\/p>\n<h2><span style=\"color: #e09900;\">Unser Service F\u00fcr SIE<\/span><\/h2>\n<p>[\/et_pb_text][\/et_pb_column][\/et_pb_row][et_pb_row _builder_version=&#8220;4.23.1&#8243; _module_preset=&#8220;default&#8220; global_colors_info=&#8220;{}&#8220;][et_pb_column type=&#8220;4_4&#8243; _builder_version=&#8220;4.23.1&#8243; _module_preset=&#8220;default&#8220; global_colors_info=&#8220;{}&#8220;][et_pb_text _builder_version=&#8220;4.23.1&#8243; _module_preset=&#8220;default&#8220; global_colors_info=&#8220;{}&#8220;]<\/p>\n<h3 class=\"col\"><span>Installation und Wartung der Klimaanlagen &amp; Co.!<\/span><\/h3>\n<div class=\"col medium-6\">\n<p>Selbstverst\u00e4ndlich lassen wir Sie nach dem Erwerb unserer Ger\u00e4te nicht alleine. Egal, ob Sie fachgerechte Unterst\u00fctzung f\u00fcr die Installation brauchen oder einen Partner f\u00fcr die Wartung suchen.<\/p>\n<p>Lassen Sie sich von unserer Professionalit\u00e4t, unserer Zuverl\u00e4ssigkeit und Termintreue \u00fcberzeugen. Gerne bringen wir Ihnen das Thema energiesparende Systeme unkompliziert und verst\u00e4ndlich n\u00e4her. Auch kurzfristige Termine sind m\u00f6glich. Wir freuen uns \u00fcber Ihre <span style=\"color: #e09900;\"><strong>Anfrage!<\/strong><\/span><\/p>\n<\/div>\n<p>[\/et_pb_text][\/et_pb_column][\/et_pb_row][\/et_pb_section][et_pb_section fb_built=&#8220;1&#8243; admin_label=&#8220;CTA&#8220; _builder_version=&#8220;4.23.1&#8243; _module_preset=&#8220;default&#8220; background_image=&#8220;http:\/\/www1.cool-klima.at\/wp-content\/uploads\/2023\/11\/service-bg.jpg&#8220; overflow-x=&#8220;hidden&#8220; overflow-y=&#8220;hidden&#8220; custom_padding=&#8220;||||false|false&#8220; global_colors_info=&#8220;{}&#8220;][et_pb_row _builder_version=&#8220;4.23.1&#8243; _module_preset=&#8220;default&#8220; min_height=&#8220;37px&#8220; global_colors_info=&#8220;{}&#8220;][et_pb_column type=&#8220;4_4&#8243; _builder_version=&#8220;4.23.1&#8243; _module_preset=&#8220;default&#8220; global_colors_info=&#8220;{}&#8220;][et_pb_text _builder_version=&#8220;4.23.1&#8243; _module_preset=&#8220;default&#8220; global_colors_info=&#8220;{}&#8220;]<\/p>\n<h1><span style=\"font-family: inherit; font-weight: normal;\"><strong><span style=\"color: #ffffff;\">USER SERVICE F\u00dcR SIE:<\/span><\/strong><\/span><\/h1>\n<p><span style=\"font-family: inherit; font-weight: normal;\"><strong><span style=\"color: #ffffff;\"><\/span><\/strong><\/span><\/p>\n<h4><span style=\"font-family: inherit; font-weight: normal;\"><span style=\"color: #ffffff;\"><\/span><\/span><\/h4>\n<h4><span style=\"font-family: inherit; font-weight: normal;\"><span style=\"color: #ffffff;\">kostenlose Besichtigungen und unverbindliche Angebote<\/span><\/span><span style=\"font-family: inherit; font-weight: normal;\"><\/span><\/h4>\n<p>[\/et_pb_text][\/et_pb_column][\/et_pb_row][et_pb_row _builder_version=&#8220;4.23.1&#8243; _module_preset=&#8220;default&#8220; global_colors_info=&#8220;{}&#8220;][et_pb_column type=&#8220;4_4&#8243; _builder_version=&#8220;4.23.1&#8243; _module_preset=&#8220;default&#8220; global_colors_info=&#8220;{}&#8220;][et_pb_button button_text=&#8220;Mehr \u00fcber unsere Services erfahren&#8220; _builder_version=&#8220;4.23.1&#8243; _module_preset=&#8220;default&#8220; custom_button=&#8220;on&#8220; button_bg_color=&#8220;#E09900&#8243; background_layout=&#8220;dark&#8220; global_colors_info=&#8220;{}&#8220;][\/et_pb_button][\/et_pb_column][\/et_pb_row][\/et_pb_section][et_pb_section fb_built=&#8220;1&#8243; _builder_version=&#8220;4.16&#8243; _module_preset=&#8220;default&#8220; background_enable_image=&#8220;off&#8220; saved_tabs=&#8220;all&#8220; global_colors_info=&#8220;{}&#8220;][et_pb_row column_structure=&#8220;1_4,1_4,1_4,1_4&#8243; _builder_version=&#8220;4.23.1&#8243; _module_preset=&#8220;default&#8220; width=&#8220;97%&#8220; max_width=&#8220;1447px&#8220; global_colors_info=&#8220;{}&#8220;][et_pb_column type=&#8220;1_4&#8243; _builder_version=&#8220;4.16&#8243; _module_preset=&#8220;default&#8220; global_colors_info=&#8220;{}&#8220;][et_pb_image src=&#8220;http:\/\/www1.cool-klima.at\/wp-content\/uploads\/2023\/11\/branding.png&#8220; title_text=&#8220;branding&#8220; _builder_version=&#8220;4.23.1&#8243; _module_preset=&#8220;default&#8220; global_colors_info=&#8220;{}&#8220;][\/et_pb_image][\/et_pb_column][et_pb_column type=&#8220;1_4&#8243; _builder_version=&#8220;4.16&#8243; _module_preset=&#8220;default&#8220; global_colors_info=&#8220;{}&#8220;][et_pb_blurb title=&#8220;office@cool-klima.at&#8220; use_icon=&#8220;on&#8220; font_icon=&#8220;&#xe076;||divi||400&#8243; icon_color=&#8220;#d0d3d9&#8243; icon_placement=&#8220;left&#8220; image_icon_width=&#8220;25px&#8220; _builder_version=&#8220;4.23.1&#8243; _module_preset=&#8220;default&#8220; header_font=&#8220;Roboto Mono|500||on|||||&#8220; header_text_color=&#8220;#8083a2&#8243; header_font_size=&#8220;12px&#8220; header_letter_spacing=&#8220;1px&#8220; header_line_height=&#8220;2em&#8220; body_font=&#8220;Oswald|||on|||||&#8220; body_text_color=&#8220;#000000&#8243; body_letter_spacing=&#8220;1px&#8220; body_line_height=&#8220;1.4em&#8220; text_orientation=&#8220;center&#8220; animation=&#8220;off&#8220; icon_font_size=&#8220;25px&#8220; use_circle=&#8220;off&#8220; circle_color=&#8220;#faf8f4&#8243; global_colors_info=&#8220;{}&#8220;][\/et_pb_blurb][\/et_pb_column][et_pb_column type=&#8220;1_4&#8243; _builder_version=&#8220;4.16&#8243; _module_preset=&#8220;default&#8220; global_colors_info=&#8220;{}&#8220;][et_pb_blurb title=&#8220;0664 3820306&#8243; use_icon=&#8220;on&#8220; font_icon=&#8220;&#xe090;||divi||400&#8243; icon_color=&#8220;#d0d3d9&#8243; icon_placement=&#8220;left&#8220; image_icon_width=&#8220;25px&#8220; _builder_version=&#8220;4.23.1&#8243; _module_preset=&#8220;default&#8220; header_font=&#8220;Roboto Mono|500||on|||||&#8220; header_text_color=&#8220;#8083a2&#8243; header_font_size=&#8220;12px&#8220; header_letter_spacing=&#8220;1px&#8220; header_line_height=&#8220;2em&#8220; body_font=&#8220;Oswald|||on|||||&#8220; body_text_color=&#8220;#000000&#8243; body_letter_spacing=&#8220;1px&#8220; body_line_height=&#8220;1.4em&#8220; animation=&#8220;off&#8220; icon_font_size=&#8220;25px&#8220; use_circle=&#8220;off&#8220; circle_color=&#8220;#faf8f4&#8243; locked=&#8220;off&#8220; global_colors_info=&#8220;{}&#8220;][\/et_pb_blurb][\/et_pb_column][et_pb_column type=&#8220;1_4&#8243; _builder_version=&#8220;4.16&#8243; _module_preset=&#8220;default&#8220; global_colors_info=&#8220;{}&#8220;][et_pb_blurb title=&#8220;\u00d6ffnungszeiten&#8220; use_icon=&#8220;on&#8220; font_icon=&#8220;&#x7d;||divi||400&#8243; icon_color=&#8220;#d0d3d9&#8243; icon_placement=&#8220;left&#8220; image_icon_width=&#8220;25px&#8220; content_max_width=&#8220;524px&#8220; _builder_version=&#8220;4.23.1&#8243; _module_preset=&#8220;default&#8220; header_font=&#8220;Roboto Mono|500||on|||||&#8220; header_text_color=&#8220;#8083a2&#8243; header_font_size=&#8220;12px&#8220; header_letter_spacing=&#8220;1px&#8220; header_line_height=&#8220;2em&#8220; body_font=&#8220;|300||on|||||&#8220; body_text_color=&#8220;#000000&#8243; body_font_size=&#8220;19px&#8220; body_letter_spacing=&#8220;1px&#8220; body_line_height=&#8220;1.4em&#8220; custom_padding=&#8220;||0px|||&#8220; animation=&#8220;off&#8220; icon_font_size=&#8220;25px&#8220; use_circle=&#8220;off&#8220; circle_color=&#8220;#faf8f4&#8243; locked=&#8220;off&#8220; global_colors_info=&#8220;{}&#8220;]<\/p>\n<p><span style=\"font-size: x-small;\">Montag &#8211; Donnerstag: 07:00 &#8211; 16:30 Uhr<\/span><br \/><span style=\"font-size: x-small;\">Freitag: 07:00 &#8211; 12:00 Uhr<\/span><\/p>\n<p>[\/et_pb_blurb][\/et_pb_column][\/et_pb_row][\/et_pb_section]<\/p>\n","protected":false},"excerpt":{"rendered":"<p>SCHWITZT DU NOCH ODER KLEBST DU SCHON?Klimaanlagen, W\u00e4rmepumpen und Service vom Experten f\u00fcr Burgenland, Wien und Nieder\u00f6sterreich Schwitzt du noch oder klebst du schon? Wir sorgen f\u00fcr eine Abk\u00fchlung! Sind Sie auf der Suche nach einem Experten f\u00fcr Klimaanlagen und W\u00e4rmepumpen \u2013 wir sind f\u00fcr Sie da! Wir setzen auf Top-Qualit\u00e4t \u2013 deswegen haben wir [&hellip;]<\/p>\n","protected":false},"author":1,"featured_media":0,"parent":0,"menu_order":0,"comment_status":"closed","ping_status":"closed","template":"","meta":{"_et_pb_use_builder":"on","_et_pb_old_content":"","_et_gb_content_width":"","footnotes":""},"class_list":["post-8","page","type-page","status-publish","hentry"],"_links":{"self":[{"href":"https:\/\/www.cool-klima.at\/index.php?rest_route=\/wp\/v2\/pages\/8","targetHints":{"allow":["GET"]}}],"collection":[{"href":"https:\/\/www.cool-klima.at\/index.php?rest_route=\/wp\/v2\/pages"}],"about":[{"href":"https:\/\/www.cool-klima.at\/index.php?rest_route=\/wp\/v2\/types\/page"}],"author":[{"embeddable":true,"href":"https:\/\/www.cool-klima.at\/index.php?rest_route=\/wp\/v2\/users\/1"}],"replies":[{"embeddable":true,"href":"https:\/\/www.cool-klima.at\/index.php?rest_route=%2Fwp%2Fv2%2Fcomments&post=8"}],"version-history":[{"count":15,"href":"https:\/\/www.cool-klima.at\/index.php?rest_route=\/wp\/v2\/pages\/8\/revisions"}],"predecessor-version":[{"id":87,"href":"https:\/\/www.cool-klima.at\/index.php?rest_route=\/wp\/v2\/pages\/8\/revisions\/87"}],"wp:attachment":[{"href":"https:\/\/www.cool-klima.at\/index.php?rest_route=%2Fwp%2Fv2%2Fmedia&parent=8"}],"curies":[{"name":"wp","href":"https:\/\/api.w.org\/{rel}","templated":true}]}}